{"id":119,"date":"2025-11-11T15:25:56","date_gmt":"2025-11-11T15:25:56","guid":{"rendered":"https:\/\/margotcam.fr\/?page_id=119"},"modified":"2025-11-11T15:25:56","modified_gmt":"2025-11-11T15:25:56","slug":"rgpd","status":"publish","type":"page","link":"https:\/\/margotcam.fr\/?page_id=119","title":{"rendered":"La Politique de confidentialit\u00e9"},"content":{"rendered":"\n<div class=\"wp-block-group alignfull has-global-padding is-layout-constrained wp-container-core-group-is-layout-0c9c989a wp-block-group-is-layout-constrained\" style=\"min-height:0vh;margin-top:0;margin-bottom:0;padding-top:var(--wp--preset--spacing--70);padding-right:var(--wp--preset--spacing--40);padding-bottom:var(--wp--preset--spacing--70);padding-left:var(--wp--preset--spacing--40)\">\n<div class=\"wp-block-group has-global-padding is-layout-constrained wp-container-core-group-is-layout-346627ba wp-block-group-is-layout-constrained\">\n<h2 class=\"wp-block-heading has-text-align-center has-accent-2-color has-text-color has-link-color has-xx-large-font-size wp-elements-e8e43a4ffad4ac2515ebbd1d5d974480\" style=\"margin-right:0;margin-left:0;padding-right:0;padding-left:0\"><strong>R\u00e8glement (UE) G\u00e9n\u00e9ral de Protection des Donn\u00e9es\u00a0<\/strong><\/h2>\n\n\n\n<p class=\"has-text-align-center\"><strong>L&#8217;utilisateur du site est inform\u00e9 que le traitement de ses donn\u00e9es personnelles est r\u00e9alis\u00e9 dans le respect de la vie priv\u00e9e conform\u00e9ment \u00e0 la loi du 21 juin 2014 pour la confiance dans l&#8217;Economie Num\u00e9rique, la Loi Informatique et Libert\u00e9s du 6 ao\u00fbt 2004 ainsi que le R\u00e8glement (UE) G\u00e9n\u00e9ral de Protection des Donn\u00e9es 2016\/679 (RGPD).<\/strong><\/p>\n\n\n\n<p><strong>Responsable de la collecte des donn\u00e9es personnelles<\/strong><\/p>\n\n\n\n<p><strong>Le responsable du traitement des Donn\u00e9es personnelles collect\u00e9es dans le cadre de la navigation de l&#8217;utilisateur sur le site est Madame Margot CAM &#8211; CAMPRODUCTION. En tant que responsable du traitement des donn\u00e9es qu&#8217;elle collecte, Madame Margot CAM &#8211; CAMPRODUCTION s&#8217;engage \u00e0 respecter le cadre des dispositions l\u00e9gales en vigueur.<\/strong><\/p>\n\n\n\n<p><strong>Stockage des donn\u00e9es<\/strong><\/p>\n\n\n\n<p><strong>Le site est h\u00e9berg\u00e9 par Wix. Les donn\u00e9es de l&#8217;utilisateur peuvent \u00eatre stock\u00e9es par le biais du stockage de donn\u00e9es, des bases de donn\u00e9es et des applications g\u00e9n\u00e9rales de Wix. Elles stockent vos donn\u00e9es sur des serveurs s\u00e9curis\u00e9s.<\/strong><\/p>\n\n\n\n<p><strong>Type de donn\u00e9es collect\u00e9es<\/strong><\/p>\n\n\n\n<p><strong>Madame Margot CAM &#8211; CAMPRODUCTION re\u00e7oit, collecte et stocke toute information que vous saisissez sur le site ou que vous lui fournissez de toute autre mani\u00e8re.&nbsp;<\/strong><\/p>\n\n\n\n<p><strong>En outre, le site recueille l&#8217;adresse IP (Internet Protocole) utilis\u00e9e pour connecter votre ordinateur \u00e0 Internet. Des outils logiciels peuvent \u00eatre utilis\u00e9s par le site pour mesurer, collecter des informations de sessions, y compris les temps de r\u00e9ponse des pages, la dur\u00e9e des visites sur certaines pages, les informations sur l&#8217;interactions entre les pages et les m\u00e9thodes utilis\u00e9es pour naviguer hors de la page.&nbsp;<\/strong><\/p>\n\n\n\n<p><strong>Lorsque vous remplissez un formulaire sur le site, Madame Margot CAM &#8211; CAMPRODUCTION recueille les informations personnelles que vous donnez via le formulaire, telles que votre nom, votre adresse email, votre num\u00e9ro de t\u00e9l\u00e9phone, et toute autre information personnelle mentionn\u00e9e dans la zone de commentaire. Vos informations personnelles ne seront utilis\u00e9es que dans le cadre de votre prise de contact avec Madame Margot CAM &#8211; CAMPRODUCTION.<\/strong>&nbsp;<\/p>\n\n\n\n<p><strong>Finalit\u00e9 des donn\u00e9es collect\u00e9es<\/strong><\/p>\n\n\n\n<p><strong>Le site est susceptible de traiter tout ou partie des informations non personnelles et personnelles aux fins suivantes :&nbsp;<\/strong><\/p>\n\n\n\n<p><strong>1. Pour fournir et exploiter les services du site, permettre et am\u00e9liorer la navigation sur le site<\/strong><\/p>\n\n\n\n<p><strong>2. Pour adresser aux utilisateurs des communications g\u00e9n\u00e9rales ou personnalis\u00e9es relatives aux services propos\u00e9s par Madame Margot CAM et des messages promotionnels<\/strong><\/p>\n\n\n\n<p><strong>3. Pour mener des campagnes de communication et des enqu\u00eates de satisfaction ou d&#8217;opinion facultatives aupr\u00e8s des utilisateurs&nbsp;<\/strong><\/p>\n\n\n\n<p><strong>4. Pour cr\u00e9er des donn\u00e9es statistiques agr\u00e9g\u00e9es utilis\u00e9es pour fournir et am\u00e9liorer les services du site.<\/strong><\/p>\n\n\n\n<p><strong>Madame Margot CAM &#8211; CAMPRODUCTION peut contacter les utilisateurs pour les informer du suivi de leur demande, pour collecter des frais ou des sommes dues, pour sonder leur opinion par le biais d&#8217;enqu\u00eates ou de questionnaires, pour envoyer des mises \u00e0 jour sur la soci\u00e9t\u00e9, ou si n\u00e9cessaire dans le cadre du contrat d&#8217;utilisation, des lois applicables, et de tout accord qu&#8217;il pourrait avoir avec les utilisateurs. \u00c0 ces fins, Madame Margot CAM &#8211; CAMPRODUCTION peut contacter les utilisateurs par courrier \u00e9lectronique, t\u00e9l\u00e9phone, messages textuels et courrier postal.&nbsp;<\/strong><\/p>\n\n\n\n<p><strong>Madame Margot CAM &#8211; CAMPRODUCTION ne commercialise pas les donn\u00e9es personnelles des utilisateurs qui sont donc uniquement utilis\u00e9es par n\u00e9cessit\u00e9 ou \u00e0 des fins statistiques et d&#8217;analyses.<\/strong><\/p>\n\n\n\n<p><strong>Droit d&#8217;acc\u00e8s, de rectification et d&#8217;opposition<\/strong><\/p>\n\n\n\n<p><strong>Conform\u00e9ment \u00e0 la r\u00e9glementation en vigueur, l&#8217;utilisateur du site dispose des droits d&#8217;acc\u00e8s, de rectification, de mise \u00e0 jour, de compl\u00e9tude ou d&#8217;effacement de ses donn\u00e9es \u00e0 caract\u00e8re personnel. L&#8217;utilisateur peut \u00e0 tout moment retirer son consentement ou s&#8217;opposer au traitement de ses donn\u00e9es.&nbsp;<\/strong><\/p>\n\n\n\n<p><strong>Si l&#8217;utilisateur souhaite savoir comment Madame Margot CAM &#8211; CAMPRODUCTION utilise ses donn\u00e9es personnelles, demander \u00e0 les rectifier ou s&#8217;opposer \u00e0 leur traitement, il peut contacter Madame Margot CAM &#8211; CAMPRODUCTION par courrier \u00e9lectronique \u00e0 l&#8217;adresse suivante contact.camproduction@gmail.com.<\/strong><\/p>\n\n\n\n<p><strong>Non communication des donn\u00e9es personnelles<\/strong><\/p>\n\n\n\n<p><strong>Madame Margot CAM &#8211; CAMPRODUCTION s&#8217;engage \u00e0 prendre toutes les pr\u00e9cautions n\u00e9cessaires afin de pr\u00e9server la s\u00e9curit\u00e9 des informations, et notamment qu&#8217;elles ne soient pas communiqu\u00e9es \u00e0 des personnes non autoris\u00e9es.&nbsp;<\/strong><\/p>\n<\/div>\n<\/div>\n\n\n\n<div class=\"wp-block-group alignfull is-style-section-1 has-global-padding is-layout-constrained wp-block-group-is-layout-constrained is-style-section-1--1\" style=\"margin-top:0;margin-bottom:0;padding-top:var(--wp--preset--spacing--80);padding-bottom:var(--wp--preset--spacing--80)\">\n<div class=\"wp-block-columns alignwide is-layout-flex wp-container-core-columns-is-layout-66fad18a wp-block-columns-is-layout-flex\">\n<div class=\"wp-block-column is-layout-flow wp-block-column-is-layout-flow\" style=\"padding-right:var(--wp--preset--spacing--50);flex-basis:45%\">\n<figure class=\"wp-block-image size-full\"><img loading=\"lazy\" decoding=\"async\" width=\"2560\" height=\"2560\" src=\"https:\/\/margotcam.fr\/wp-content\/uploads\/2025\/11\/MUSEE-DHISTOIRE-NATURELLE-34-scaled.jpg\" alt=\"\" class=\"wp-image-121\" srcset=\"https:\/\/margotcam.fr\/wp-content\/uploads\/2025\/11\/MUSEE-DHISTOIRE-NATURELLE-34-scaled.jpg 2560w, https:\/\/margotcam.fr\/wp-content\/uploads\/2025\/11\/MUSEE-DHISTOIRE-NATURELLE-34-300x300.jpg 300w, https:\/\/margotcam.fr\/wp-content\/uploads\/2025\/11\/MUSEE-DHISTOIRE-NATURELLE-34-1024x1024.jpg 1024w, https:\/\/margotcam.fr\/wp-content\/uploads\/2025\/11\/MUSEE-DHISTOIRE-NATURELLE-34-150x150.jpg 150w, https:\/\/margotcam.fr\/wp-content\/uploads\/2025\/11\/MUSEE-DHISTOIRE-NATURELLE-34-768x768.jpg 768w, https:\/\/margotcam.fr\/wp-content\/uploads\/2025\/11\/MUSEE-DHISTOIRE-NATURELLE-34-1536x1536.jpg 1536w, https:\/\/margotcam.fr\/wp-content\/uploads\/2025\/11\/MUSEE-DHISTOIRE-NATURELLE-34-2048x2048.jpg 2048w\" sizes=\"auto, (max-width: 2560px) 100vw, 2560px\" \/><\/figure>\n\n\n\n<div class=\"wp-block-group has-global-padding is-layout-constrained wp-block-group-is-layout-constrained\" style=\"margin-top:-12vw\">\n<figure class=\"wp-block-image alignright size-full is-resized\" style=\"margin-right:-5vw;margin-left:-5vw\"><img loading=\"lazy\" decoding=\"async\" width=\"2560\" height=\"1869\" src=\"http:\/\/margotcam.fr\/wp-content\/uploads\/2025\/11\/Utopie-19-3-scaled.jpg\" alt=\"\" class=\"wp-image-98\" style=\"width:289px;height:auto\" srcset=\"https:\/\/margotcam.fr\/wp-content\/uploads\/2025\/11\/Utopie-19-3-scaled.jpg 2560w, https:\/\/margotcam.fr\/wp-content\/uploads\/2025\/11\/Utopie-19-3-300x219.jpg 300w, https:\/\/margotcam.fr\/wp-content\/uploads\/2025\/11\/Utopie-19-3-1024x748.jpg 1024w, https:\/\/margotcam.fr\/wp-content\/uploads\/2025\/11\/Utopie-19-3-768x561.jpg 768w, https:\/\/margotcam.fr\/wp-content\/uploads\/2025\/11\/Utopie-19-3-1536x1121.jpg 1536w, https:\/\/margotcam.fr\/wp-content\/uploads\/2025\/11\/Utopie-19-3-2048x1495.jpg 2048w\" sizes=\"auto, (max-width: 2560px) 100vw, 2560px\" \/><\/figure>\n<\/div>\n<\/div>\n\n\n\n<div class=\"wp-block-column is-vertically-aligned-center is-layout-flow wp-block-column-is-layout-flow\" style=\"padding-right:0;padding-left:0;flex-basis:50%\">\n<p class=\"is-style-text-subtitle has-accent-4-color has-text-color has-link-color wp-elements-898ee0ad0c43c83fd671d03b8f7d8145 is-style-text-subtitle--2\"><strong>Madame Margot CAM &#8211; CAMPRODUCTION se r\u00e9serve le droit de modifier cette politique de confidentialit\u00e9 \u00e0 tout moment. <\/strong><\/p>\n\n\n\n<p class=\"is-style-text-subtitle has-accent-4-color has-text-color has-link-color wp-elements-f3936f283c5fad79cf10479811bc353b is-style-text-subtitle--3\"><strong>Les modifications et les clarifications prendront effet d\u00e8s leur publication sur le site.<\/strong><\/p>\n<\/div>\n<\/div>\n<\/div>\n","protected":false},"excerpt":{"rendered":"<p>R\u00e8glement (UE) G\u00e9n\u00e9ral de Protection des Donn\u00e9es\u00a0 L&#8217;utilisateur du site est inform\u00e9 que le traitement de ses donn\u00e9es personnelles est r\u00e9alis\u00e9 dans le respect de la vie priv\u00e9e conform\u00e9ment \u00e0 la loi du 21 juin 2014 pour la confiance dans l&#8217;Economie Num\u00e9rique, la Loi Informatique et Libert\u00e9s du 6 ao\u00fbt 2004 ainsi que le R\u00e8glement [&hellip;]<\/p>\n","protected":false},"author":1,"featured_media":0,"parent":0,"menu_order":0,"comment_status":"closed","ping_status":"closed","template":"","meta":{"footnotes":""},"class_list":["post-119","page","type-page","status-publish","hentry"],"_links":{"self":[{"href":"https:\/\/margotcam.fr\/index.php?rest_route=\/wp\/v2\/pages\/119","targetHints":{"allow":["GET"]}}],"collection":[{"href":"https:\/\/margotcam.fr\/index.php?rest_route=\/wp\/v2\/pages"}],"about":[{"href":"https:\/\/margotcam.fr\/index.php?rest_route=\/wp\/v2\/types\/page"}],"author":[{"embeddable":true,"href":"https:\/\/margotcam.fr\/index.php?rest_route=\/wp\/v2\/users\/1"}],"replies":[{"embeddable":true,"href":"https:\/\/margotcam.fr\/index.php?rest_route=%2Fwp%2Fv2%2Fcomments&post=119"}],"version-history":[{"count":1,"href":"https:\/\/margotcam.fr\/index.php?rest_route=\/wp\/v2\/pages\/119\/revisions"}],"predecessor-version":[{"id":122,"href":"https:\/\/margotcam.fr\/index.php?rest_route=\/wp\/v2\/pages\/119\/revisions\/122"}],"wp:attachment":[{"href":"https:\/\/margotcam.fr\/index.php?rest_route=%2Fwp%2Fv2%2Fmedia&parent=119"}],"curies":[{"name":"wp","href":"https:\/\/api.w.org\/{rel}","templated":true}]}}