{"id":116,"date":"2025-11-11T15:20:54","date_gmt":"2025-11-11T15:20:54","guid":{"rendered":"https:\/\/margotcam.fr\/?page_id=116"},"modified":"2025-11-11T15:20:54","modified_gmt":"2025-11-11T15:20:54","slug":"mentions-legales","status":"publish","type":"page","link":"https:\/\/margotcam.fr\/?page_id=116","title":{"rendered":"Mentions l\u00e9gales"},"content":{"rendered":"\n<div class=\"wp-block-cover alignfull is-light has-contrast-color has-text-color has-link-color wp-elements-f07816300a4a94d0511c836c76d8f5c0\" style=\"margin-top:0;margin-bottom:0;padding-top:var(--wp--preset--spacing--60);padding-right:var(--wp--preset--spacing--50);padding-bottom:var(--wp--preset--spacing--60);padding-left:var(--wp--preset--spacing--50)\"><span aria-hidden=\"true\" class=\"wp-block-cover__background has-base-background-color has-background-dim-100 has-background-dim\"><\/span><div class=\"wp-block-cover__inner-container has-global-padding is-layout-constrained wp-container-core-cover-is-layout-873ee6b1 wp-block-cover-is-layout-constrained\">\n<div class=\"wp-block-columns alignwide is-layout-flex wp-container-core-columns-is-layout-7ee84d44 wp-block-columns-is-layout-flex\">\n<div class=\"wp-block-column is-layout-flow wp-block-column-is-layout-flow\" style=\"flex-basis:65%\">\n<div class=\"wp-block-group is-vertical is-content-justification-stretch is-layout-flex wp-container-core-group-is-layout-353c4f5a wp-block-group-is-layout-flex\">\n<p class=\"is-style-text-subtitle has-accent-2-color has-text-color has-link-color has-medium-font-size wp-elements-95dc42209f203fdf4e481bc410a3c09b is-style-text-subtitle--1\"><strong>Propri\u00e9t\u00e9 :<\/strong> Le pr\u00e9sent site est la propri\u00e9t\u00e9 de la l&#8217;auto-entreprise CAM PRODUCTION, inscrite au registre du la Chambre des M\u00e9tiers et de l&#8217;Artisanat de Seine-et-Marne sous le num\u00e9ro 894 122 720.<\/p>\n\n\n\n<p>\u200b<\/p>\n\n\n\n<ul class=\"wp-block-list\">\n<li><strong>N\u00b0 SIRET :<\/strong> <strong>894 122 720 00010<\/strong><\/li>\n\n\n\n<li><strong>Si\u00e8ge social :<\/strong> <strong>4 rue des Grands Champs 77590 Bois-le-Roi<\/strong><\/li>\n\n\n\n<li><strong>Email :<\/strong> <strong>contact.camproduction@gmail.com<\/strong><\/li>\n\n\n\n<li><strong>Directeur de la publication :<\/strong> <strong>Margot CAM<\/strong><\/li>\n\n\n\n<li><strong>H\u00e9bergeur :<\/strong> <strong>OVH<\/strong><\/li>\n\n\n\n<li><strong>R\u00e9alisation du site :<\/strong> <strong>Margot CAM<\/strong><\/li>\n\n\n\n<li><strong>Logo :<\/strong> <strong>Alice SOARES<\/strong><\/li>\n\n\n\n<li><strong>Photographies :<\/strong> <strong>Margot CAM<\/strong><\/li>\n<\/ul>\n\n\n\n<hr class=\"wp-block-separator has-text-color has-accent-2-color has-alpha-channel-opacity has-accent-2-background-color has-background\"\/>\n\n\n\n<p class=\"has-text-align-left is-style-text-subtitle has-accent-5-color has-text-color has-link-color has-medium-font-size wp-elements-3964f93210570b3a881193ddb21c1ca8 is-style-text-subtitle--2\"><strong>Droit d&#8217;auteur &amp; image, copyright, propri\u00e9t\u00e9 intellectuelle :<\/strong> <strong>L\u2019ensemble de ce site constitue une \u0153uvre prot\u00e9g\u00e9e par la l\u00e9gislation fran\u00e7aise et internationale en vigueur sur le droit d\u2019auteur et d\u2019une mani\u00e8re g\u00e9n\u00e9rale sur la propri\u00e9t\u00e9 intellectuelle et industrielle. Tous les droits de propri\u00e9t\u00e9 intellectuelle et industrielle (droits d\u2019auteur, brevets, marques), dont en particulier les droits d\u2019exploitation, les droits de reproduction et d\u2019extraction sur tout support, de tout ou partie des donn\u00e9es, fichiers et tous \u00e9l\u00e9ments figurant dans les pages web de ce site, ainsi que les droits de repr\u00e9sentation et droits de reproduction sur tout support, de tout ou partie du site lui-m\u00eame, les droits de modification, d\u2019adaptation ou de traduction, sont r\u00e9serv\u00e9s exclusivement \u00e0 CAMPRODUCTION (copyright \u00a9margotcam, \u00a9camproduction, \u00a9cammargotproduction, \u00a9cammargot) y compris notamment en ce qui concerne les documents t\u00e9l\u00e9chargeables, les repr\u00e9sentations graphiques, iconographiques, photographiques, num\u00e9riques ou audiovisuelles, et ce, sous r\u00e9serve des droits pr\u00e9existants de tiers ayant autoris\u00e9 la reproduction num\u00e9rique et\/ou l\u2019int\u00e9gration dans ce site, par CAM PRODUCTION, de leurs \u0153uvres de quelque nature qu\u2019elles soient. La reproduction partielle ou int\u00e9grale des \u00e9l\u00e9ments pr\u00e9cit\u00e9s et d\u2019une mani\u00e8re g\u00e9n\u00e9rale, la reproduction de tout ou partie de ce site sur un support quel qu\u2019il soit, est formellement interdite, sans l\u2019accord \u00e9crit et pr\u00e9alable de CAM PRODUCTION.<\/strong><\/p>\n<\/div>\n<\/div>\n\n\n\n<div class=\"wp-block-column is-layout-flow wp-block-column-is-layout-flow\" style=\"flex-basis:35%\">\n<div class=\"wp-block-group is-vertical is-content-justification-stretch is-nowrap is-layout-flex wp-container-core-group-is-layout-73b0033c wp-block-group-is-layout-flex\">\n<figure class=\"wp-block-image size-full\"><img loading=\"lazy\" decoding=\"async\" width=\"1574\" height=\"2560\" src=\"http:\/\/margotcam.fr\/wp-content\/uploads\/2025\/11\/10-JUIN-54-scaled.jpg\" alt=\"\" class=\"wp-image-87\" style=\"aspect-ratio:3\/4;object-fit:cover\" srcset=\"https:\/\/margotcam.fr\/wp-content\/uploads\/2025\/11\/10-JUIN-54-scaled.jpg 1574w, https:\/\/margotcam.fr\/wp-content\/uploads\/2025\/11\/10-JUIN-54-184x300.jpg 184w, https:\/\/margotcam.fr\/wp-content\/uploads\/2025\/11\/10-JUIN-54-630x1024.jpg 630w, https:\/\/margotcam.fr\/wp-content\/uploads\/2025\/11\/10-JUIN-54-768x1249.jpg 768w, https:\/\/margotcam.fr\/wp-content\/uploads\/2025\/11\/10-JUIN-54-944x1536.jpg 944w, https:\/\/margotcam.fr\/wp-content\/uploads\/2025\/11\/10-JUIN-54-1259x2048.jpg 1259w\" sizes=\"auto, (max-width: 1574px) 100vw, 1574px\" \/><\/figure>\n<\/div>\n<\/div>\n<\/div>\n<\/div><\/div>\n","protected":false},"excerpt":{"rendered":"","protected":false},"author":1,"featured_media":0,"parent":0,"menu_order":0,"comment_status":"closed","ping_status":"closed","template":"","meta":{"footnotes":""},"class_list":["post-116","page","type-page","status-publish","hentry"],"_links":{"self":[{"href":"https:\/\/margotcam.fr\/index.php?rest_route=\/wp\/v2\/pages\/116","targetHints":{"allow":["GET"]}}],"collection":[{"href":"https:\/\/margotcam.fr\/index.php?rest_route=\/wp\/v2\/pages"}],"about":[{"href":"https:\/\/margotcam.fr\/index.php?rest_route=\/wp\/v2\/types\/page"}],"author":[{"embeddable":true,"href":"https:\/\/margotcam.fr\/index.php?rest_route=\/wp\/v2\/users\/1"}],"replies":[{"embeddable":true,"href":"https:\/\/margotcam.fr\/index.php?rest_route=%2Fwp%2Fv2%2Fcomments&post=116"}],"version-history":[{"count":1,"href":"https:\/\/margotcam.fr\/index.php?rest_route=\/wp\/v2\/pages\/116\/revisions"}],"predecessor-version":[{"id":117,"href":"https:\/\/margotcam.fr\/index.php?rest_route=\/wp\/v2\/pages\/116\/revisions\/117"}],"wp:attachment":[{"href":"https:\/\/margotcam.fr\/index.php?rest_route=%2Fwp%2Fv2%2Fmedia&parent=116"}],"curies":[{"name":"wp","href":"https:\/\/api.w.org\/{rel}","templated":true}]}}